{"id":2552,"date":"2019-09-20T07:28:48","date_gmt":"2019-09-20T07:28:48","guid":{"rendered":"https:\/\/comprarimoveisdeleilao.com.br\/vipoportunidades\/?page_id=2552"},"modified":"2020-10-01T12:42:13","modified_gmt":"2020-10-01T12:42:13","slug":"quem-somos","status":"publish","type":"page","link":"https:\/\/vipoportunidades.com.br\/index.php\/quem-somos\/","title":{"rendered":"Quem Somos"},"content":{"rendered":"<p>[vc_row][vc_column][g5element_heading title=&#8221;Mais de 15 anos de experi\u00eancia no mercado imobili\u00e1rio&#8221;][g5element_space spacing=&#8221;22&#8243;][vc_column_text]Somos uma empresa focada em atender com excel\u00eancia, transpar\u00eancia e parceria todos aqueles que nos procuram para receber auxilio relacionado ao mercado imobili\u00e1rio, de leil\u00f5es e oportunidades exclusivas dos mais variados mercados.[\/vc_column_text][g5element_space spacing=&#8221;20&#8243;][g5element_heading title=&#8221;Como Podemos ajudar?&#8221;][vc_column_text]Nossa carteira consiste em im\u00f3veis estressados oriundos de recupera\u00e7\u00e3o judicial e fal\u00eancias o que os torna bastante atrativos no que tange a valores e forma de pagamento, e tamb\u00e9m em excelentes oportunidades em venda direta.[\/vc_column_text][g5element_space spacing=&#8221;20&#8243;][g5element_heading title=&#8221;Prop\u00f3sito&#8221;][vc_column_text]Auxiliar nossos clientes da melhor maneira poss\u00edvel para que realizem um \u00f3timo neg\u00f3cio e obtenham muito sucesso![\/vc_column_text][\/vc_column][\/vc_row][vc_row el_class=&#8221;vc-col-no-pt&#8221;][vc_column][g5element_space spacing=&#8221;30&#8243;][vc_row_inner css=&#8221;.vc_custom_1568966924648{margin-right: 0px !important;margin-left: 0px !important;background-image: url(https:\/\/vipoportunidades.com.br\/wp-content\/uploads\/2019\/09\/video-about-01.jpg?id=2557) !important;background-position: center !important;background-repeat: no-repeat !important;background-size: cover !important;}&#8221; el_class=&#8221;vc-col-no-pt&#8221;][vc_column_inner][g5element_space spacing=&#8221;185&#8243; spacing_lg=&#8221;150&#8243; spacing_md=&#8221;130&#8243; spacing_sm=&#8221;120&#8243; spacing_xs=&#8221;110&#8243;][g5element_space spacing=&#8221;185&#8243; spacing_lg=&#8221;150&#8243; spacing_md=&#8221;130&#8243; spacing_sm=&#8221;120&#8243; spacing_xs=&#8221;110&#8243;][\/vc_column_inner][\/vc_row_inner][g5element_space][\/vc_column][\/vc_row][vc_row][vc_column][g5element_heading title=&#8221;Profissionalismo&#8221;][g5element_space spacing=&#8221;20&#8243;][vc_column_text css=&#8221;.vc_custom_1601556110307{margin-bottom: 28px !important;}&#8221;]Temos mais de 15 anos de experi\u00eancia no mercado imobili\u00e1rio. Atuando em empresas de grande renome no mercado. Al\u00e9m de mais de 5 anos atuando no mercado imobiliario de imoveis oriundos de leil\u00e3o judicial e extrajudicial. Com conhecimento profundo, inclusive jur\u00eddico, de todas as etapas pertinentes ao processo.[\/vc_column_text][\/vc_column][\/vc_row][vc_row][vc_column][g5element_heading title=&#8221;Experi\u00eancia&#8221;][g5element_space spacing=&#8221;20&#8243;][vc_column_text css=&#8221;.vc_custom_1587421929155{margin-bottom: 28px !important;}&#8221;]Nossa equipe \u00e9 composta por excelentes profissionais que possuem amplo conhecimento e est\u00e3o sempre atualizados.[\/vc_column_text][\/vc_column][\/vc_row][vc_row][vc_column][g5element_heading title=&#8221;Oportunidades Exclusivas&#8221;][g5element_space spacing=&#8221;20&#8243;][vc_column_text css=&#8221;.vc_custom_1587421969885{margin-bottom: 28px !important;}&#8221;]Buscamos as melhores oportunidades, seja para venda ou para compra, sempre com empatia e transpar\u00eancia.[\/vc_column_text][\/vc_column][\/vc_row]<\/p>\n","protected":false},"excerpt":{"rendered":"<p>[vc_row][vc_column][g5element_heading title=&#8221;Mais de 15 anos de experi\u00eancia no mercado imobili\u00e1rio&#8221;][g5element_space spacing=&#8221;22&#8243;][vc_column_text]Somos uma empresa focada em atender com excel\u00eancia, transpar\u00eancia e parceria todos aqueles que nos procuram para receber auxilio relacionado ao mercado imobili\u00e1rio, de leil\u00f5es e oportunidades exclusivas dos mais variados mercados.[\/vc_column_text][g5element_space spacing=&#8221;20&#8243;][g5element_heading title=&#8221;Como Podemos ajudar?&#8221;][vc_column_text]Nossa carteira consiste em im\u00f3veis estressados oriundos de recupera\u00e7\u00e3o judicial [&hellip;]<\/p>\n","protected":false},"author":1,"featured_media":0,"parent":0,"menu_order":0,"comment_status":"closed","ping_status":"closed","template":"","meta":{"_joinchat":[],"footnotes":""},"class_list":["post-2552","page","type-page","status-publish","hentry"],"yoast_head":"<!-- This site is optimized with the Yoast SEO plugin v25.1 - https:\/\/yoast.com\/wordpress\/plugins\/seo\/ -->\n<title>Quem Somos - VIP Oportunidades<\/title>\n<meta name=\"robots\" content=\"index, follow, max-snippet:-1, max-image-preview:large, max-video-preview:-1\" \/>\n<link rel=\"canonical\" href=\"https:\/\/vipoportunidades.com.br\/index.php\/quem-somos\/\" \/>\n<meta property=\"og:locale\" content=\"pt_BR\" \/>\n<meta property=\"og:type\" content=\"article\" \/>\n<meta property=\"og:title\" content=\"Quem Somos - VIP Oportunidades\" \/>\n<meta property=\"og:description\" content=\"[vc_row][vc_column][g5element_heading title=&#8221;Mais de 15 anos de experi\u00eancia no mercado imobili\u00e1rio&#8221;][g5element_space spacing=&#8221;22&#8243;][vc_column_text]Somos uma empresa focada em atender com excel\u00eancia, transpar\u00eancia e parceria todos aqueles que nos procuram para receber auxilio relacionado ao mercado imobili\u00e1rio, de leil\u00f5es e oportunidades exclusivas dos mais variados mercados.[\/vc_column_text][g5element_space spacing=&#8221;20&#8243;][g5element_heading title=&#8221;Como Podemos ajudar?&#8221;][vc_column_text]Nossa carteira consiste em im\u00f3veis estressados oriundos de recupera\u00e7\u00e3o judicial [&hellip;]\" \/>\n<meta property=\"og:url\" content=\"https:\/\/vipoportunidades.com.br\/index.php\/quem-somos\/\" \/>\n<meta property=\"og:site_name\" content=\"VIP Oportunidades\" \/>\n<meta property=\"article:modified_time\" content=\"2020-10-01T12:42:13+00:00\" \/>\n<meta name=\"twitter:card\" content=\"summary_large_image\" \/>\n<meta name=\"twitter:label1\" content=\"Est. tempo de leitura\" \/>\n\t<meta name=\"twitter:data1\" content=\"2 minutos\" \/>\n<script type=\"application\/ld+json\" class=\"yoast-schema-graph\">{\"@context\":\"https:\/\/schema.org\",\"@graph\":[{\"@type\":\"WebPage\",\"@id\":\"https:\/\/vipoportunidades.com.br\/index.php\/quem-somos\/\",\"url\":\"https:\/\/vipoportunidades.com.br\/index.php\/quem-somos\/\",\"name\":\"Quem Somos - VIP Oportunidades\",\"isPartOf\":{\"@id\":\"https:\/\/vipoportunidades.com.br\/#website\"},\"datePublished\":\"2019-09-20T07:28:48+00:00\",\"dateModified\":\"2020-10-01T12:42:13+00:00\",\"breadcrumb\":{\"@id\":\"https:\/\/vipoportunidades.com.br\/index.php\/quem-somos\/#breadcrumb\"},\"inLanguage\":\"pt-BR\",\"potentialAction\":[{\"@type\":\"ReadAction\",\"target\":[\"https:\/\/vipoportunidades.com.br\/index.php\/quem-somos\/\"]}]},{\"@type\":\"BreadcrumbList\",\"@id\":\"https:\/\/vipoportunidades.com.br\/index.php\/quem-somos\/#breadcrumb\",\"itemListElement\":[{\"@type\":\"ListItem\",\"position\":1,\"name\":\"In\u00edcio\",\"item\":\"https:\/\/vipoportunidades.com.br\/\"},{\"@type\":\"ListItem\",\"position\":2,\"name\":\"Quem Somos\"}]},{\"@type\":\"WebSite\",\"@id\":\"https:\/\/vipoportunidades.com.br\/#website\",\"url\":\"https:\/\/vipoportunidades.com.br\/\",\"name\":\"VIP Oportunidades\",\"description\":\"As melhores oportunidades do mercado imobili\u00e1rio\",\"potentialAction\":[{\"@type\":\"SearchAction\",\"target\":{\"@type\":\"EntryPoint\",\"urlTemplate\":\"https:\/\/vipoportunidades.com.br\/?s={search_term_string}\"},\"query-input\":{\"@type\":\"PropertyValueSpecification\",\"valueRequired\":true,\"valueName\":\"search_term_string\"}}],\"inLanguage\":\"pt-BR\"}]}<\/script>\n<!-- \/ Yoast SEO plugin. -->","yoast_head_json":{"title":"Quem Somos - VIP Oportunidades","robots":{"index":"index","follow":"follow","max-snippet":"max-snippet:-1","max-image-preview":"max-image-preview:large","max-video-preview":"max-video-preview:-1"},"canonical":"https:\/\/vipoportunidades.com.br\/index.php\/quem-somos\/","og_locale":"pt_BR","og_type":"article","og_title":"Quem Somos - VIP Oportunidades","og_description":"[vc_row][vc_column][g5element_heading title=&#8221;Mais de 15 anos de experi\u00eancia no mercado imobili\u00e1rio&#8221;][g5element_space spacing=&#8221;22&#8243;][vc_column_text]Somos uma empresa focada em atender com excel\u00eancia, transpar\u00eancia e parceria todos aqueles que nos procuram para receber auxilio relacionado ao mercado imobili\u00e1rio, de leil\u00f5es e oportunidades exclusivas dos mais variados mercados.[\/vc_column_text][g5element_space spacing=&#8221;20&#8243;][g5element_heading title=&#8221;Como Podemos ajudar?&#8221;][vc_column_text]Nossa carteira consiste em im\u00f3veis estressados oriundos de recupera\u00e7\u00e3o judicial [&hellip;]","og_url":"https:\/\/vipoportunidades.com.br\/index.php\/quem-somos\/","og_site_name":"VIP Oportunidades","article_modified_time":"2020-10-01T12:42:13+00:00","twitter_card":"summary_large_image","twitter_misc":{"Est. tempo de leitura":"2 minutos"},"schema":{"@context":"https:\/\/schema.org","@graph":[{"@type":"WebPage","@id":"https:\/\/vipoportunidades.com.br\/index.php\/quem-somos\/","url":"https:\/\/vipoportunidades.com.br\/index.php\/quem-somos\/","name":"Quem Somos - VIP Oportunidades","isPartOf":{"@id":"https:\/\/vipoportunidades.com.br\/#website"},"datePublished":"2019-09-20T07:28:48+00:00","dateModified":"2020-10-01T12:42:13+00:00","breadcrumb":{"@id":"https:\/\/vipoportunidades.com.br\/index.php\/quem-somos\/#breadcrumb"},"inLanguage":"pt-BR","potentialAction":[{"@type":"ReadAction","target":["https:\/\/vipoportunidades.com.br\/index.php\/quem-somos\/"]}]},{"@type":"BreadcrumbList","@id":"https:\/\/vipoportunidades.com.br\/index.php\/quem-somos\/#breadcrumb","itemListElement":[{"@type":"ListItem","position":1,"name":"In\u00edcio","item":"https:\/\/vipoportunidades.com.br\/"},{"@type":"ListItem","position":2,"name":"Quem Somos"}]},{"@type":"WebSite","@id":"https:\/\/vipoportunidades.com.br\/#website","url":"https:\/\/vipoportunidades.com.br\/","name":"VIP Oportunidades","description":"As melhores oportunidades do mercado imobili\u00e1rio","potentialAction":[{"@type":"SearchAction","target":{"@type":"EntryPoint","urlTemplate":"https:\/\/vipoportunidades.com.br\/?s={search_term_string}"},"query-input":{"@type":"PropertyValueSpecification","valueRequired":true,"valueName":"search_term_string"}}],"inLanguage":"pt-BR"}]}},"_links":{"self":[{"href":"https:\/\/vipoportunidades.com.br\/index.php\/wp-json\/wp\/v2\/pages\/2552","targetHints":{"allow":["GET"]}}],"collection":[{"href":"https:\/\/vipoportunidades.com.br\/index.php\/wp-json\/wp\/v2\/pages"}],"about":[{"href":"https:\/\/vipoportunidades.com.br\/index.php\/wp-json\/wp\/v2\/types\/page"}],"author":[{"embeddable":true,"href":"https:\/\/vipoportunidades.com.br\/index.php\/wp-json\/wp\/v2\/users\/1"}],"replies":[{"embeddable":true,"href":"https:\/\/vipoportunidades.com.br\/index.php\/wp-json\/wp\/v2\/comments?post=2552"}],"version-history":[{"count":15,"href":"https:\/\/vipoportunidades.com.br\/index.php\/wp-json\/wp\/v2\/pages\/2552\/revisions"}],"predecessor-version":[{"id":4302,"href":"https:\/\/vipoportunidades.com.br\/index.php\/wp-json\/wp\/v2\/pages\/2552\/revisions\/4302"}],"wp:attachment":[{"href":"https:\/\/vipoportunidades.com.br\/index.php\/wp-json\/wp\/v2\/media?parent=2552"}],"curies":[{"name":"wp","href":"https:\/\/api.w.org\/{rel}","templated":true}]}}